{"id":3,"date":"2025-09-27T20:48:26","date_gmt":"2025-09-27T20:48:26","guid":{"rendered":"https:\/\/nordligefolk.no\/?page_id=3"},"modified":"2026-03-11T19:41:14","modified_gmt":"2026-03-11T19:41:14","slug":"privacy-policy","status":"publish","type":"page","link":"https:\/\/nordligefolk.no\/fi\/privacy-policy\/","title":{"rendered":"tietosuoja"},"content":{"rendered":"<h2 class=\"wp-block-heading\"><strong>Keit\u00e4 me olemme<\/strong><\/h2>\n\n\n\n<p>Verkkosivustomme osoite on:\u00a0<a href=\"https:\/\/\/fi\/nordligefolk.no\/\">https:\/nordligefolk.no<\/a>.<\/p>\n\n\n\n<p><strong>Kommentti<\/strong><\/p>\n\n\n\n<p>Kun k\u00e4vij\u00e4t j\u00e4tt\u00e4v\u00e4t kommentteja verkkosivustolle, ker\u00e4\u00e4mme kommenttilomakkeessa n\u00e4kyv\u00e4t tiedot sek\u00e4 k\u00e4vij\u00e4n IP-osoitteen ja selaimen k\u00e4ytt\u00e4j\u00e4agenttijonon roskapostin havaitsemiseksi.<\/p>\n\n\n\n<p>S\u00e4hk\u00f6postiosoitteestasi luotu anonyymi merkkijono (jota kutsutaan my\u00f6s hashiksi) voidaan l\u00e4hett\u00e4\u00e4 Gravatar-palveluun, jotta n\u00e4hd\u00e4\u00e4n, k\u00e4yt\u00e4tk\u00f6 sit\u00e4. Gravatar-palvelun tietosuojak\u00e4yt\u00e4nt\u00f6 on saatavilla t\u00e4\u00e4ll\u00e4:&nbsp;<a href=\"https:\/\/automattic.com\/privacy\/\">https:\/\/automattic.com\/privacy\/<\/a>. Kun kommenttisi on hyv\u00e4ksytty, profiilikuvasi n\u00e4kyy yleis\u00f6lle kommentin yhteydess\u00e4.<\/p>\n\n\n\n<p><strong>Media<\/strong><\/p>\n\n\n\n<p>Jos lataat kuvia verkkosivustolle, sinun tulisi v\u00e4ltt\u00e4\u00e4 sellaisten kuvien lataamista, jotka sis\u00e4lt\u00e4v\u00e4t upotettuja sijaintitietoja (EXIF GPS). Verkkosivuston k\u00e4vij\u00e4t voivat ladata ja poimia t\u00e4llaisia sijaintitietoja verkkosivuston kuvista.<\/p>\n\n\n\n<p><strong>Tietoev\u00e4steet (ev\u00e4steet)<\/strong><\/p>\n\n\n\n<p>Jos j\u00e4t\u00e4t kommentin verkkosivustollamme, voit valita, tallennetaanko nimesi, s\u00e4hk\u00f6postiosoitteesi ja verkkosivustosi ev\u00e4steisiin. T\u00e4m\u00e4 on k\u00e4tev\u00e4\u00e4, jotta sinun ei tarvitse sy\u00f6tt\u00e4\u00e4 tietojasi uudelleen, kun j\u00e4t\u00e4t uuden kommentin. N\u00e4m\u00e4 ev\u00e4steet s\u00e4ilyv\u00e4t yhden vuoden ajan.<\/p>\n\n\n\n<p>Jos k\u00e4yt kirjautumissivullamme, asetamme v\u00e4liaikaisen ev\u00e4steen m\u00e4\u00e4ritt\u00e4\u00e4ksemme, hyv\u00e4ksyyk\u00f6 selaimesi ev\u00e4steet. T\u00e4m\u00e4 ev\u00e4ste ei sis\u00e4ll\u00e4 henkil\u00f6tietoja, ja se poistetaan, kun suljet selaimesi.<\/p>\n\n\n\n<p>Kun kirjaudut sis\u00e4\u00e4n, asetamme my\u00f6s useita ev\u00e4steit\u00e4 tallentaaksemme kirjautumistietosi ja valintasi n\u00e4yt\u00f6n n\u00e4ytt\u00f6\u00e4 varten. Kirjautumisev\u00e4steet s\u00e4ilyv\u00e4t kaksi p\u00e4iv\u00e4\u00e4 ja n\u00e4ytt\u00f6valintaev\u00e4steet yhden vuoden. Jos valitset \u00abMuista minut\u00bb, kirjautumisesi s\u00e4ilyy kaksi viikkoa. Jos kirjaudut ulos tililt\u00e4si, kirjautumisev\u00e4steesi poistetaan.<\/p>\n\n\n\n<p>Jos muokkaat tai julkaiset artikkelin, selaimeesi tallennetaan ylim\u00e4\u00e4r\u00e4inen ev\u00e4ste. T\u00e4m\u00e4 ev\u00e4ste ei sis\u00e4ll\u00e4 mit\u00e4\u00e4n henkil\u00f6tietoja, ja se ilmoittaa vain juuri muokkaamasi artikkelin postitustunnuksen. Se vanhenee yhden p\u00e4iv\u00e4n kuluttua.<\/p>\n\n\n\n<p><strong>Muiden verkkosivustojen upotettu sis\u00e4lt\u00f6<\/strong><\/p>\n\n\n\n<p>T\u00e4m\u00e4n verkkosivuston artikkelit voivat sis\u00e4lt\u00e4\u00e4 upotettua sis\u00e4lt\u00f6\u00e4 (kuten videoita, kuvia, artikkeleita jne.). Muiden verkkosivustojen upotettu sis\u00e4lt\u00f6 k\u00e4ytt\u00e4ytyy aivan samalla tavalla kuin jos k\u00e4vij\u00e4 olisi vieraillut toisella verkkosivustolla.<\/p>\n\n\n\n<p>N\u00e4m\u00e4 verkkosivustot voivat ker\u00e4t\u00e4 tietoja sinusta, k\u00e4ytt\u00e4\u00e4 ev\u00e4steit\u00e4, upottaa kolmannen osapuolen lis\u00e4seurantaa ja seurata, miten olet vuorovaikutuksessa upotetun sis\u00e4ll\u00f6n kanssa, mukaan lukien vuorovaikutuksesi seuranta, jos sinulla on tili ja olet kirjautunut kyseiselle verkkosivustolle.<\/p>\n\n\n\n<p><strong>Kenen kanssa jaamme tietojasi<\/strong><\/p>\n\n\n\n<p>Jos pyyd\u00e4t salasanan palautusta, IP-osoitteesi sis\u00e4llytet\u00e4\u00e4n palautuss\u00e4hk\u00f6postiin.<\/p>\n\n\n\n<p><strong>Kuinka kauan s\u00e4ilyt\u00e4mme tietojasi<\/strong><\/p>\n\n\n\n<p>Jos j\u00e4t\u00e4t kommentin, kommentti ja metatiedot tallennetaan loputtomiin. N\u00e4in voimme tunnistaa ja hyv\u00e4ksy\u00e4 jatkokommentit automaattisesti sen sijaan, ett\u00e4 pit\u00e4isimme niit\u00e4 moderointijonossa.<\/p>\n\n\n\n<p>Sivustolle rekister\u00f6ityneiden k\u00e4ytt\u00e4jien osalta (jos mahdollista) tallennamme heid\u00e4n antamansa henkil\u00f6tiedot my\u00f6s heid\u00e4n k\u00e4ytt\u00e4j\u00e4profiiliinsa. Kaikki k\u00e4ytt\u00e4j\u00e4t voivat milloin tahansa tarkastella, muokata tai poistaa henkil\u00f6kohtaisia tietojaan (paitsi ett\u00e4 he eiv\u00e4t voi muuttaa k\u00e4ytt\u00e4j\u00e4tunnustaan). My\u00f6s sivuston yll\u00e4pit\u00e4j\u00e4t voivat tarkastella ja muokata n\u00e4it\u00e4 tietoja.<\/p>\n\n\n\n<p><strong>Mit\u00e4 oikeuksia sinulla on tietojesi suhteen<\/strong><\/p>\n\n\n\n<p>Jos sinulla on tili t\u00e4ll\u00e4 verkkosivustolla tai olet j\u00e4tt\u00e4nyt kommentteja, voit pyyt\u00e4\u00e4 vietyj\u00e4 tiedostoja sinusta hallussamme olevista henkil\u00f6tiedoista, mukaan lukien kaikki meille antamasi tiedot. Voit my\u00f6s pyyt\u00e4\u00e4, ett\u00e4 poistamme hallussamme olevat henkil\u00f6tietosi. T\u00e4m\u00e4 ei koske tietoja, jotka meid\u00e4n on s\u00e4ilytett\u00e4v\u00e4 hallinnollisista, oikeudellisista tai turvallisuussyist\u00e4.<\/p>\n\n\n\n<p><strong>Minne tietosi l\u00e4hetet\u00e4\u00e4n<\/strong><\/p>\n\n\n\n<p>K\u00e4vij\u00f6iden kommentit voidaan tarkistaa automaattisen roskapostin havaitsemispalvelun avulla.<\/p>","protected":false},"excerpt":{"rendered":"<p>Hvem vi er Nettstedsadressen v\u00e5r er:\u00a0https:\/nordligefolk.no. Kommentarer N\u00e5r bes\u00f8kende legger igjen kommentarer p\u00e5 nettstedet, samler vi inn dataene som vises i kommentarskjemaet, samt bes\u00f8kerens IP-adresse og nettleserens brukeragentstreng for \u00e5 hjelpe med \u00e5 oppdage spam. En anonymisert streng opprettet fra e-postadressen din (ogs\u00e5 kalt en hash) kan bli sendt til Gravatar-tjenesten for \u00e5 se om &#8230; <a title=\"tietosuoja\" class=\"read-more\" href=\"https:\/\/nordligefolk.no\/fi\/privacy-policy\/\" aria-label=\"Lue lis\u00e4\u00e4 aiheesta personvern\">Lue lis\u00e4\u00e4<\/a><\/p>","protected":false},"author":4,"featured_media":0,"parent":0,"menu_order":0,"comment_status":"closed","ping_status":"open","template":"","meta":{"footnotes":""},"tags":[],"class_list":["post-3","page","type-page","status-publish"],"_hostinger_reach_plugin_has_subscription_block":false,"_hostinger_reach_plugin_is_elementor":false,"_links":{"self":[{"href":"https:\/\/nordligefolk.no\/fi\/wp-json\/wp\/v2\/pages\/3","targetHints":{"allow":["GET"]}}],"collection":[{"href":"https:\/\/nordligefolk.no\/fi\/wp-json\/wp\/v2\/pages"}],"about":[{"href":"https:\/\/nordligefolk.no\/fi\/wp-json\/wp\/v2\/types\/page"}],"author":[{"embeddable":true,"href":"https:\/\/nordligefolk.no\/fi\/wp-json\/wp\/v2\/users\/4"}],"replies":[{"embeddable":true,"href":"https:\/\/nordligefolk.no\/fi\/wp-json\/wp\/v2\/comments?post=3"}],"version-history":[{"count":1,"href":"https:\/\/nordligefolk.no\/fi\/wp-json\/wp\/v2\/pages\/3\/revisions"}],"predecessor-version":[{"id":2231,"href":"https:\/\/nordligefolk.no\/fi\/wp-json\/wp\/v2\/pages\/3\/revisions\/2231"}],"wp:attachment":[{"href":"https:\/\/nordligefolk.no\/fi\/wp-json\/wp\/v2\/media?parent=3"}],"wp:term":[{"taxonomy":"post_tag","embeddable":true,"href":"https:\/\/nordligefolk.no\/fi\/wp-json\/wp\/v2\/tags?post=3"}],"curies":[{"name":"wp","href":"https:\/\/api.w.org\/{rel}","templated":true}]}}